{"id":4702,"date":"2025-06-27T14:37:11","date_gmt":"2025-06-27T14:37:11","guid":{"rendered":"https:\/\/gorgesdelardeche-legendes.fr\/?page_id=4702"},"modified":"2025-07-12T09:58:29","modified_gmt":"2025-07-12T09:58:29","slug":"calendrier-des-evenements","status":"publish","type":"page","link":"https:\/\/gorgesdelardeche-legendes.fr\/en\/calendrier-des-evenements\/","title":{"rendered":"CALENDRIER DES \u00c9V\u00c8NEMENTS"},"content":{"rendered":"<div data-elementor-type=\"wp-page\" data-elementor-id=\"4702\" class=\"elementor elementor-4702\" data-elementor-post-type=\"page\">\n\t\t\t\t<div class=\"elementor-element elementor-element-ccc58fe e-flex e-con-boxed e-con e-parent\" data-id=\"ccc58fe\" data-element_type=\"container\" data-e-type=\"container\" data-settings=\"{&quot;background_background&quot;:&quot;classic&quot;}\">\n\t\t\t\t\t<div class=\"e-con-inner\">\n\t\t\t\t<div class=\"elementor-element elementor-element-b1b06bd elementor-widget elementor-widget-heading\" data-id=\"b1b06bd\" data-element_type=\"widget\" data-e-type=\"widget\" data-widget_type=\"heading.default\">\n\t\t\t\t<div class=\"elementor-widget-container\">\n\t\t\t\t\t<h1 class=\"elementor-heading-title elementor-size-default\">Des instants \u00e0 vivre ensemble<\/h1>\t\t\t\t<\/div>\n\t\t\t\t<\/div>\n\t\t\t\t<div class=\"elementor-element elementor-element-0827c2e elementor-widget elementor-widget-heading\" data-id=\"0827c2e\" data-element_type=\"widget\" data-e-type=\"widget\" data-widget_type=\"heading.default\">\n\t\t\t\t<div class=\"elementor-widget-container\">\n\t\t\t\t\t<h2 class=\"elementor-heading-title elementor-size-default\">Nos \u00e9v\u00e8nements<\/h2>\t\t\t\t<\/div>\n\t\t\t\t<\/div>\n\t\t\t\t\t<\/div>\n\t\t\t\t<\/div>\n\t\t<div class=\"elementor-element elementor-element-187bf59 e-flex e-con-boxed e-con e-parent\" data-id=\"187bf59\" data-element_type=\"container\" data-e-type=\"container\">\n\t\t\t\t\t<div class=\"e-con-inner\">\n\t\t\t\t<div class=\"elementor-element elementor-element-ccf5768 elementor-widget elementor-widget-spacer\" data-id=\"ccf5768\" data-element_type=\"widget\" data-e-type=\"widget\" data-widget_type=\"spacer.default\">\n\t\t\t\t<div class=\"elementor-widget-container\">\n\t\t\t\t\t\t\t<div class=\"elementor-spacer\">\n\t\t\t<div class=\"elementor-spacer-inner\"><\/div>\n\t\t<\/div>\n\t\t\t\t\t\t<\/div>\n\t\t\t\t<\/div>\n\t\t\t\t<div class=\"elementor-element elementor-element-db1e8c7 elementor-widget elementor-widget-text-editor\" data-id=\"db1e8c7\" data-element_type=\"widget\" data-e-type=\"widget\" data-widget_type=\"text-editor.default\">\n\t\t\t\t<div class=\"elementor-widget-container\">\n\t\t\t\t\t\t\t\t\t<h5>Entre les pierres du village et les parfums de garrigue, la Maison des L\u00e9gendes vous invite \u00e0 partager plus que des repas : des <span class=\"s1\"><b>moments vivants<\/b><\/span>, vibrants, festifs.<\/h5><h5 class=\"p1\">Concerts en plein air, march\u00e9s d\u2019artisans\u2026<\/h5>\t\t\t\t\t\t\t\t<\/div>\n\t\t\t\t<\/div>\n\t\t\t\t\t<\/div>\n\t\t\t\t<\/div>\n\t\t<div class=\"elementor-element elementor-element-5fe3cd8 e-flex e-con-boxed e-con e-parent\" data-id=\"5fe3cd8\" data-element_type=\"container\" data-e-type=\"container\">\n\t\t\t\t\t<div class=\"e-con-inner\">\n\t\t\t\t<div class=\"elementor-element elementor-element-19e17dd elementor-widget elementor-widget-spacer\" data-id=\"19e17dd\" data-element_type=\"widget\" data-e-type=\"widget\" data-widget_type=\"spacer.default\">\n\t\t\t\t<div class=\"elementor-widget-container\">\n\t\t\t\t\t\t\t<div class=\"elementor-spacer\">\n\t\t\t<div class=\"elementor-spacer-inner\"><\/div>\n\t\t<\/div>\n\t\t\t\t\t\t<\/div>\n\t\t\t\t<\/div>\n\t\t\t\t\t<\/div>\n\t\t\t\t<\/div>\n\t\t<div class=\"elementor-element elementor-element-16b3e35 e-flex e-con-boxed e-con e-parent\" data-id=\"16b3e35\" data-element_type=\"container\" data-e-type=\"container\">\n\t\t\t\t\t<div class=\"e-con-inner\">\n\t\t<div class=\"elementor-element elementor-element-4eb222a e-con-full e-flex elementor-invisible e-con e-child\" data-id=\"4eb222a\" data-element_type=\"container\" data-e-type=\"container\" data-settings=\"{&quot;animation&quot;:&quot;fadeInLeft&quot;}\">\n\t\t\t\t<div class=\"elementor-element elementor-element-d7c234a elementor-widget elementor-widget-heading\" data-id=\"d7c234a\" data-element_type=\"widget\" data-e-type=\"widget\" data-widget_type=\"heading.default\">\n\t\t\t\t<div class=\"elementor-widget-container\">\n\t\t\t\t\t<h2 class=\"elementor-heading-title elementor-size-default\">\u00c0 L'AUBERGE AUGUSTIN POUZAT <\/h2>\t\t\t\t<\/div>\n\t\t\t\t<\/div>\n\t\t\t\t<div class=\"elementor-element elementor-element-171ab22 elementor-widget elementor-widget-image\" data-id=\"171ab22\" data-element_type=\"widget\" data-e-type=\"widget\" data-widget_type=\"image.default\">\n\t\t\t\t<div class=\"elementor-widget-container\">\n\t\t\t\t\t\t\t\t\t\t\t\t\t\t\t<img fetchpriority=\"high\" decoding=\"async\" width=\"441\" height=\"1024\" src=\"https:\/\/gorgesdelardeche-legendes.fr\/wp-content\/uploads\/2025\/07\/Instagram-story-1-441x1024.png\" class=\"attachment-large size-large wp-image-4761\" alt=\"\" srcset=\"https:\/\/gorgesdelardeche-legendes.fr\/wp-content\/uploads\/2025\/07\/Instagram-story-1-441x1024.png 441w, https:\/\/gorgesdelardeche-legendes.fr\/wp-content\/uploads\/2025\/07\/Instagram-story-1-129x300.png 129w, https:\/\/gorgesdelardeche-legendes.fr\/wp-content\/uploads\/2025\/07\/Instagram-story-1-768x1783.png 768w, https:\/\/gorgesdelardeche-legendes.fr\/wp-content\/uploads\/2025\/07\/Instagram-story-1-661x1536.png 661w, https:\/\/gorgesdelardeche-legendes.fr\/wp-content\/uploads\/2025\/07\/Instagram-story-1-882x2048.png 882w\" sizes=\"(max-width: 441px) 100vw, 441px\" \/>\t\t\t\t\t\t\t\t\t\t\t\t\t\t\t<\/div>\n\t\t\t\t<\/div>\n\t\t\t\t<\/div>\n\t\t<div class=\"elementor-element elementor-element-5065c81 e-con-full e-flex elementor-invisible e-con e-child\" data-id=\"5065c81\" data-element_type=\"container\" data-e-type=\"container\" data-settings=\"{&quot;animation&quot;:&quot;fadeInRight&quot;}\">\n\t\t\t\t<div class=\"elementor-element elementor-element-3f80027 elementor-widget elementor-widget-heading\" data-id=\"3f80027\" data-element_type=\"widget\" data-e-type=\"widget\" data-widget_type=\"heading.default\">\n\t\t\t\t<div class=\"elementor-widget-container\">\n\t\t\t\t\t<h2 class=\"elementor-heading-title elementor-size-default\">AU CAF\u00c9 CHABOT  <\/h2>\t\t\t\t<\/div>\n\t\t\t\t<\/div>\n\t\t\t\t<div class=\"elementor-element elementor-element-3fc73b2 elementor-widget elementor-widget-image\" data-id=\"3fc73b2\" data-element_type=\"widget\" data-e-type=\"widget\" data-widget_type=\"image.default\">\n\t\t\t\t<div class=\"elementor-widget-container\">\n\t\t\t\t\t\t\t\t\t\t\t\t\t\t\t<img decoding=\"async\" width=\"445\" height=\"1024\" src=\"https:\/\/gorgesdelardeche-legendes.fr\/wp-content\/uploads\/2025\/07\/Frame-318-445x1024.png\" class=\"attachment-large size-large wp-image-4762\" alt=\"\" srcset=\"https:\/\/gorgesdelardeche-legendes.fr\/wp-content\/uploads\/2025\/07\/Frame-318-445x1024.png 445w, https:\/\/gorgesdelardeche-legendes.fr\/wp-content\/uploads\/2025\/07\/Frame-318-130x300.png 130w, https:\/\/gorgesdelardeche-legendes.fr\/wp-content\/uploads\/2025\/07\/Frame-318-768x1769.png 768w, https:\/\/gorgesdelardeche-legendes.fr\/wp-content\/uploads\/2025\/07\/Frame-318-667x1536.png 667w, https:\/\/gorgesdelardeche-legendes.fr\/wp-content\/uploads\/2025\/07\/Frame-318-889x2048.png 889w\" sizes=\"(max-width: 445px) 100vw, 445px\" \/>\t\t\t\t\t\t\t\t\t\t\t\t\t\t\t<\/div>\n\t\t\t\t<\/div>\n\t\t\t\t<\/div>\n\t\t\t\t\t<\/div>\n\t\t\t\t<\/div>\n\t\t<div class=\"elementor-element elementor-element-0c834dc e-flex e-con-boxed e-con e-parent\" data-id=\"0c834dc\" data-element_type=\"container\" data-e-type=\"container\">\n\t\t\t\t\t<div class=\"e-con-inner\">\n\t\t<div class=\"elementor-element elementor-element-ffde41d e-con-full e-flex e-con e-child\" data-id=\"ffde41d\" data-element_type=\"container\" data-e-type=\"container\">\n\t\t\t\t<div class=\"elementor-element elementor-element-20d9b56 elementor-align-center elementor-widget-tablet__width-initial elementor-widget elementor-widget-button\" data-id=\"20d9b56\" data-element_type=\"widget\" data-e-type=\"widget\" data-widget_type=\"button.default\">\n\t\t\t\t<div class=\"elementor-widget-container\">\n\t\t\t\t\t\t\t\t\t<div class=\"elementor-button-wrapper\">\n\t\t\t\t\t<a class=\"elementor-button elementor-button-link elementor-size-sm elementor-animation-grow\" href=\"https:\/\/www.instagram.com\/augustinpouzat\/\" target=\"_blank\">\n\t\t\t\t\t\t<span class=\"elementor-button-content-wrapper\">\n\t\t\t\t\t\t<span class=\"elementor-button-icon\">\n\t\t\t\t<svg aria-hidden=\"true\" class=\"e-font-icon-svg e-fab-instagram\" viewbox=\"0 0 448 512\" xmlns=\"http:\/\/www.w3.org\/2000\/svg\"><path d=\"M224.1 141c-63.6 0-114.9 51.3-114.9 114.9s51.3 114.9 114.9 114.9S339 319.5 339 255.9 287.7 141 224.1 141zm0 189.6c-41.1 0-74.7-33.5-74.7-74.7s33.5-74.7 74.7-74.7 74.7 33.5 74.7 74.7-33.6 74.7-74.7 74.7zm146.4-194.3c0 14.9-12 26.8-26.8 26.8-14.9 0-26.8-12-26.8-26.8s12-26.8 26.8-26.8 26.8 12 26.8 26.8zm76.1 27.2c-1.7-35.9-9.9-67.7-36.2-93.9-26.2-26.2-58-34.4-93.9-36.2-37-2.1-147.9-2.1-184.9 0-35.8 1.7-67.6 9.9-93.9 36.1s-34.4 58-36.2 93.9c-2.1 37-2.1 147.9 0 184.9 1.7 35.9 9.9 67.7 36.2 93.9s58 34.4 93.9 36.2c37 2.1 147.9 2.1 184.9 0 35.9-1.7 67.7-9.9 93.9-36.2 26.2-26.2 34.4-58 36.2-93.9 2.1-37 2.1-147.8 0-184.8zM398.8 388c-7.8 19.6-22.9 34.7-42.6 42.6-29.5 11.7-99.5 9-132.1 9s-102.7 2.6-132.1-9c-19.6-7.8-34.7-22.9-42.6-42.6-11.7-29.5-9-99.5-9-132.1s-2.6-102.7 9-132.1c7.8-19.6 22.9-34.7 42.6-42.6 29.5-11.7 99.5-9 132.1-9s102.7-2.6 132.1 9c19.6 7.8 34.7 22.9 42.6 42.6 11.7 29.5 9 99.5 9 132.1s2.7 102.7-9 132.1z\"><\/path><\/svg>\t\t\t<\/span>\n\t\t\t\t\t\t\t\t\t<span class=\"elementor-button-text\">NOUS SUIVRE SUR LES R\u00c9SEAUX<\/span>\n\t\t\t\t\t<\/span>\n\t\t\t\t\t<\/a>\n\t\t\t\t<\/div>\n\t\t\t\t\t\t\t\t<\/div>\n\t\t\t\t<\/div>\n\t\t\t\t<div class=\"elementor-element elementor-element-3d0bfd7 elementor-align-center elementor-widget-tablet__width-initial elementor-widget elementor-widget-button\" data-id=\"3d0bfd7\" data-element_type=\"widget\" data-e-type=\"widget\" data-widget_type=\"button.default\">\n\t\t\t\t<div class=\"elementor-widget-container\">\n\t\t\t\t\t\t\t\t\t<div class=\"elementor-button-wrapper\">\n\t\t\t\t\t<a class=\"elementor-button elementor-button-link elementor-size-sm elementor-animation-grow\" href=\"https:\/\/www.google.com\/maps\/dir\/?api=1&#038;destination=44.3420199,4.5358914\" target=\"_blank\">\n\t\t\t\t\t\t<span class=\"elementor-button-content-wrapper\">\n\t\t\t\t\t\t<span class=\"elementor-button-icon\">\n\t\t\t\t<svg aria-hidden=\"true\" class=\"e-font-icon-svg e-fas-location-arrow\" viewbox=\"0 0 512 512\" xmlns=\"http:\/\/www.w3.org\/2000\/svg\"><path d=\"M444.52 3.52L28.74 195.42c-47.97 22.39-31.98 92.75 19.19 92.75h175.91v175.91c0 51.17 70.36 67.17 92.75 19.19l191.9-415.78c15.99-38.39-25.59-79.97-63.97-63.97z\"><\/path><\/svg>\t\t\t<\/span>\n\t\t\t\t\t\t\t\t\t<span class=\"elementor-button-text\">SE RENDRE \u00c0 L'AUBERGE <\/span>\n\t\t\t\t\t<\/span>\n\t\t\t\t\t<\/a>\n\t\t\t\t<\/div>\n\t\t\t\t\t\t\t\t<\/div>\n\t\t\t\t<\/div>\n\t\t\t\t<\/div>\n\t\t<div class=\"elementor-element elementor-element-850ebee e-con-full e-flex e-con e-child\" data-id=\"850ebee\" data-element_type=\"container\" data-e-type=\"container\">\n\t\t\t\t<div class=\"elementor-element elementor-element-c87b8d0 elementor-align-center elementor-widget-tablet__width-initial elementor-widget__width-initial elementor-widget elementor-widget-button\" data-id=\"c87b8d0\" data-element_type=\"widget\" data-e-type=\"widget\" data-widget_type=\"button.default\">\n\t\t\t\t<div class=\"elementor-widget-container\">\n\t\t\t\t\t\t\t\t\t<div class=\"elementor-button-wrapper\">\n\t\t\t\t\t<a class=\"elementor-button elementor-button-link elementor-size-sm elementor-animation-grow\" href=\"https:\/\/www.instagram.com\/cafe.chabot?igsh=Mnhxd3dpMnp4emRz\" target=\"_blank\">\n\t\t\t\t\t\t<span class=\"elementor-button-content-wrapper\">\n\t\t\t\t\t\t<span class=\"elementor-button-icon\">\n\t\t\t\t<svg aria-hidden=\"true\" class=\"e-font-icon-svg e-fab-instagram\" viewbox=\"0 0 448 512\" xmlns=\"http:\/\/www.w3.org\/2000\/svg\"><path d=\"M224.1 141c-63.6 0-114.9 51.3-114.9 114.9s51.3 114.9 114.9 114.9S339 319.5 339 255.9 287.7 141 224.1 141zm0 189.6c-41.1 0-74.7-33.5-74.7-74.7s33.5-74.7 74.7-74.7 74.7 33.5 74.7 74.7-33.6 74.7-74.7 74.7zm146.4-194.3c0 14.9-12 26.8-26.8 26.8-14.9 0-26.8-12-26.8-26.8s12-26.8 26.8-26.8 26.8 12 26.8 26.8zm76.1 27.2c-1.7-35.9-9.9-67.7-36.2-93.9-26.2-26.2-58-34.4-93.9-36.2-37-2.1-147.9-2.1-184.9 0-35.8 1.7-67.6 9.9-93.9 36.1s-34.4 58-36.2 93.9c-2.1 37-2.1 147.9 0 184.9 1.7 35.9 9.9 67.7 36.2 93.9s58 34.4 93.9 36.2c37 2.1 147.9 2.1 184.9 0 35.9-1.7 67.7-9.9 93.9-36.2 26.2-26.2 34.4-58 36.2-93.9 2.1-37 2.1-147.8 0-184.8zM398.8 388c-7.8 19.6-22.9 34.7-42.6 42.6-29.5 11.7-99.5 9-132.1 9s-102.7 2.6-132.1-9c-19.6-7.8-34.7-22.9-42.6-42.6-11.7-29.5-9-99.5-9-132.1s-2.6-102.7 9-132.1c7.8-19.6 22.9-34.7 42.6-42.6 29.5-11.7 99.5-9 132.1-9s102.7-2.6 132.1 9c19.6 7.8 34.7 22.9 42.6 42.6 11.7 29.5 9 99.5 9 132.1s2.7 102.7-9 132.1z\"><\/path><\/svg>\t\t\t<\/span>\n\t\t\t\t\t\t\t\t\t<span class=\"elementor-button-text\">NOUS SUIVRE SUR LES R\u00c9SEAUX<\/span>\n\t\t\t\t\t<\/span>\n\t\t\t\t\t<\/a>\n\t\t\t\t<\/div>\n\t\t\t\t\t\t\t\t<\/div>\n\t\t\t\t<\/div>\n\t\t\t\t<div class=\"elementor-element elementor-element-a4cc67b elementor-align-center elementor-widget-tablet__width-initial elementor-widget elementor-widget-button\" data-id=\"a4cc67b\" data-element_type=\"widget\" data-e-type=\"widget\" data-widget_type=\"button.default\">\n\t\t\t\t<div class=\"elementor-widget-container\">\n\t\t\t\t\t\t\t\t\t<div class=\"elementor-button-wrapper\">\n\t\t\t\t\t<a class=\"elementor-button elementor-button-link elementor-size-sm elementor-animation-grow\" href=\"https:\/\/www.google.com\/maps\/dir\/?api=1&#038;destination=Caf\u00e9+Chabot&#038;travelmode=driving\" target=\"_blank\">\n\t\t\t\t\t\t<span class=\"elementor-button-content-wrapper\">\n\t\t\t\t\t\t<span class=\"elementor-button-icon\">\n\t\t\t\t<svg aria-hidden=\"true\" class=\"e-font-icon-svg e-fas-location-arrow\" viewbox=\"0 0 512 512\" xmlns=\"http:\/\/www.w3.org\/2000\/svg\"><path d=\"M444.52 3.52L28.74 195.42c-47.97 22.39-31.98 92.75 19.19 92.75h175.91v175.91c0 51.17 70.36 67.17 92.75 19.19l191.9-415.78c15.99-38.39-25.59-79.97-63.97-63.97z\"><\/path><\/svg>\t\t\t<\/span>\n\t\t\t\t\t\t\t\t\t<span class=\"elementor-button-text\">SE RENDRE AU CAF\u00c9<\/span>\n\t\t\t\t\t<\/span>\n\t\t\t\t\t<\/a>\n\t\t\t\t<\/div>\n\t\t\t\t\t\t\t\t<\/div>\n\t\t\t\t<\/div>\n\t\t\t\t<\/div>\n\t\t\t\t\t<\/div>\n\t\t\t\t<\/div>\n\t\t\t\t<\/div>","protected":false},"excerpt":{"rendered":"<p>Des instants \u00e0 vivre ensemble Nos \u00e9v\u00e8nements Entre les pierres du village et les parfums de garrigue, la Maison des L\u00e9gendes vous invite \u00e0 partager plus que des repas : des moments vivants, vibrants, festifs. Concerts en plein air, march\u00e9s d\u2019artisans\u2026 \u00c0 L&rsquo;AUBERGE AUGUSTIN POUZAT AU CAF\u00c9 CHABOT NOUS SUIVRE SUR LES R\u00c9SEAUX SE RENDRE [&hellip;]<\/p>","protected":false},"author":1,"featured_media":0,"parent":0,"menu_order":0,"comment_status":"closed","ping_status":"closed","template":"elementor_header_footer","meta":{"footnotes":""},"class_list":["post-4702","page","type-page","status-publish","hentry"],"yoast_head":"<!-- This site is optimized with the Yoast SEO plugin v24.2 - https:\/\/yoast.com\/wordpress\/plugins\/seo\/ -->\n<title>CALENDRIER DES \u00c9V\u00c8NEMENTS - gorgesdelardeche-legendes.fr<\/title>\n<meta name=\"robots\" content=\"index, follow, max-snippet:-1, max-image-preview:large, max-video-preview:-1\" \/>\n<link rel=\"canonical\" href=\"https:\/\/gorgesdelardeche-legendes.fr\/en\/calendrier-des-evenements\/\" \/>\n<meta property=\"og:locale\" content=\"en_US\" \/>\n<meta property=\"og:type\" content=\"article\" \/>\n<meta property=\"og:title\" content=\"CALENDRIER DES \u00c9V\u00c8NEMENTS - gorgesdelardeche-legendes.fr\" \/>\n<meta property=\"og:description\" content=\"Des instants \u00e0 vivre ensemble Nos \u00e9v\u00e8nements Entre les pierres du village et les parfums de garrigue, la Maison des L\u00e9gendes vous invite \u00e0 partager plus que des repas : des moments vivants, vibrants, festifs. Concerts en plein air, march\u00e9s d\u2019artisans\u2026 \u00c0 L&rsquo;AUBERGE AUGUSTIN POUZAT AU CAF\u00c9 CHABOT NOUS SUIVRE SUR LES R\u00c9SEAUX SE RENDRE [&hellip;]\" \/>\n<meta property=\"og:url\" content=\"https:\/\/gorgesdelardeche-legendes.fr\/en\/calendrier-des-evenements\/\" \/>\n<meta property=\"og:site_name\" content=\"gorgesdelardeche-legendes.fr\" \/>\n<meta property=\"article:modified_time\" content=\"2025-07-12T09:58:29+00:00\" \/>\n<meta property=\"og:image\" content=\"https:\/\/gorgesdelardeche-legendes.fr\/wp-content\/uploads\/2025\/07\/Instagram-story-1-441x1024.png\" \/>\n\t<meta property=\"og:image:width\" content=\"441\" \/>\n\t<meta property=\"og:image:height\" content=\"1024\" \/>\n\t<meta property=\"og:image:type\" content=\"image\/png\" \/>\n<meta name=\"twitter:card\" content=\"summary_large_image\" \/>\n<meta name=\"twitter:label1\" content=\"Est. reading time\" \/>\n\t<meta name=\"twitter:data1\" content=\"1 minute\" \/>\n<script type=\"application\/ld+json\" class=\"yoast-schema-graph\">{\"@context\":\"https:\/\/schema.org\",\"@graph\":[{\"@type\":\"WebPage\",\"@id\":\"https:\/\/gorgesdelardeche-legendes.fr\/calendrier-des-evenements\/\",\"url\":\"https:\/\/gorgesdelardeche-legendes.fr\/calendrier-des-evenements\/\",\"name\":\"CALENDRIER DES \u00c9V\u00c8NEMENTS - gorgesdelardeche-legendes.fr\",\"isPartOf\":{\"@id\":\"https:\/\/gorgesdelardeche-legendes.fr\/#website\"},\"primaryImageOfPage\":{\"@id\":\"https:\/\/gorgesdelardeche-legendes.fr\/calendrier-des-evenements\/#primaryimage\"},\"image\":{\"@id\":\"https:\/\/gorgesdelardeche-legendes.fr\/calendrier-des-evenements\/#primaryimage\"},\"thumbnailUrl\":\"https:\/\/gorgesdelardeche-legendes.fr\/wp-content\/uploads\/2025\/07\/Instagram-story-1-441x1024.png\",\"datePublished\":\"2025-06-27T14:37:11+00:00\",\"dateModified\":\"2025-07-12T09:58:29+00:00\",\"breadcrumb\":{\"@id\":\"https:\/\/gorgesdelardeche-legendes.fr\/calendrier-des-evenements\/#breadcrumb\"},\"inLanguage\":\"en-US\",\"potentialAction\":[{\"@type\":\"ReadAction\",\"target\":[\"https:\/\/gorgesdelardeche-legendes.fr\/calendrier-des-evenements\/\"]}]},{\"@type\":\"ImageObject\",\"inLanguage\":\"en-US\",\"@id\":\"https:\/\/gorgesdelardeche-legendes.fr\/calendrier-des-evenements\/#primaryimage\",\"url\":\"https:\/\/gorgesdelardeche-legendes.fr\/wp-content\/uploads\/2025\/07\/Instagram-story-1-441x1024.png\",\"contentUrl\":\"https:\/\/gorgesdelardeche-legendes.fr\/wp-content\/uploads\/2025\/07\/Instagram-story-1-441x1024.png\"},{\"@type\":\"BreadcrumbList\",\"@id\":\"https:\/\/gorgesdelardeche-legendes.fr\/calendrier-des-evenements\/#breadcrumb\",\"itemListElement\":[{\"@type\":\"ListItem\",\"position\":1,\"name\":\"Home\",\"item\":\"https:\/\/gorgesdelardeche-legendes.fr\/\"},{\"@type\":\"ListItem\",\"position\":2,\"name\":\"CALENDRIER DES \u00c9V\u00c8NEMENTS\"}]},{\"@type\":\"WebSite\",\"@id\":\"https:\/\/gorgesdelardeche-legendes.fr\/#website\",\"url\":\"https:\/\/gorgesdelardeche-legendes.fr\/\",\"name\":\"gorgesdelardeche-legendes.fr\",\"description\":\"MAISON DES L\u00c9GENDES DES GORGES DE L&#039;ARD\u00c8CHE\",\"publisher\":{\"@id\":\"https:\/\/gorgesdelardeche-legendes.fr\/#organization\"},\"potentialAction\":[{\"@type\":\"SearchAction\",\"target\":{\"@type\":\"EntryPoint\",\"urlTemplate\":\"https:\/\/gorgesdelardeche-legendes.fr\/?s={search_term_string}\"},\"query-input\":{\"@type\":\"PropertyValueSpecification\",\"valueRequired\":true,\"valueName\":\"search_term_string\"}}],\"inLanguage\":\"en-US\"},{\"@type\":\"Organization\",\"@id\":\"https:\/\/gorgesdelardeche-legendes.fr\/#organization\",\"name\":\"gorgesdelardeche-legendes.fr\",\"url\":\"https:\/\/gorgesdelardeche-legendes.fr\/\",\"logo\":{\"@type\":\"ImageObject\",\"inLanguage\":\"en-US\",\"@id\":\"https:\/\/gorgesdelardeche-legendes.fr\/#\/schema\/logo\/image\/\",\"url\":\"https:\/\/gorgesdelardeche-legendes.fr\/wp-content\/uploads\/2024\/11\/FOND-NOIR-.png\",\"contentUrl\":\"https:\/\/gorgesdelardeche-legendes.fr\/wp-content\/uploads\/2024\/11\/FOND-NOIR-.png\",\"width\":3174,\"height\":3627,\"caption\":\"gorgesdelardeche-legendes.fr\"},\"image\":{\"@id\":\"https:\/\/gorgesdelardeche-legendes.fr\/#\/schema\/logo\/image\/\"}}]}<\/script>\n<!-- \/ Yoast SEO plugin. -->","yoast_head_json":{"title":"CALENDRIER DES \u00c9V\u00c8NEMENTS - gorgesdelardeche-legendes.fr","robots":{"index":"index","follow":"follow","max-snippet":"max-snippet:-1","max-image-preview":"max-image-preview:large","max-video-preview":"max-video-preview:-1"},"canonical":"https:\/\/gorgesdelardeche-legendes.fr\/en\/calendrier-des-evenements\/","og_locale":"en_US","og_type":"article","og_title":"CALENDRIER DES \u00c9V\u00c8NEMENTS - gorgesdelardeche-legendes.fr","og_description":"Des instants \u00e0 vivre ensemble Nos \u00e9v\u00e8nements Entre les pierres du village et les parfums de garrigue, la Maison des L\u00e9gendes vous invite \u00e0 partager plus que des repas : des moments vivants, vibrants, festifs. Concerts en plein air, march\u00e9s d\u2019artisans\u2026 \u00c0 L&rsquo;AUBERGE AUGUSTIN POUZAT AU CAF\u00c9 CHABOT NOUS SUIVRE SUR LES R\u00c9SEAUX SE RENDRE [&hellip;]","og_url":"https:\/\/gorgesdelardeche-legendes.fr\/en\/calendrier-des-evenements\/","og_site_name":"gorgesdelardeche-legendes.fr","article_modified_time":"2025-07-12T09:58:29+00:00","og_image":[{"width":441,"height":1024,"url":"https:\/\/gorgesdelardeche-legendes.fr\/wp-content\/uploads\/2025\/07\/Instagram-story-1-441x1024.png","type":"image\/png"}],"twitter_card":"summary_large_image","twitter_misc":{"Est. reading time":"1 minute"},"schema":{"@context":"https:\/\/schema.org","@graph":[{"@type":"WebPage","@id":"https:\/\/gorgesdelardeche-legendes.fr\/calendrier-des-evenements\/","url":"https:\/\/gorgesdelardeche-legendes.fr\/calendrier-des-evenements\/","name":"CALENDRIER DES \u00c9V\u00c8NEMENTS - gorgesdelardeche-legendes.fr","isPartOf":{"@id":"https:\/\/gorgesdelardeche-legendes.fr\/#website"},"primaryImageOfPage":{"@id":"https:\/\/gorgesdelardeche-legendes.fr\/calendrier-des-evenements\/#primaryimage"},"image":{"@id":"https:\/\/gorgesdelardeche-legendes.fr\/calendrier-des-evenements\/#primaryimage"},"thumbnailUrl":"https:\/\/gorgesdelardeche-legendes.fr\/wp-content\/uploads\/2025\/07\/Instagram-story-1-441x1024.png","datePublished":"2025-06-27T14:37:11+00:00","dateModified":"2025-07-12T09:58:29+00:00","breadcrumb":{"@id":"https:\/\/gorgesdelardeche-legendes.fr\/calendrier-des-evenements\/#breadcrumb"},"inLanguage":"en-US","potentialAction":[{"@type":"ReadAction","target":["https:\/\/gorgesdelardeche-legendes.fr\/calendrier-des-evenements\/"]}]},{"@type":"ImageObject","inLanguage":"en-US","@id":"https:\/\/gorgesdelardeche-legendes.fr\/calendrier-des-evenements\/#primaryimage","url":"https:\/\/gorgesdelardeche-legendes.fr\/wp-content\/uploads\/2025\/07\/Instagram-story-1-441x1024.png","contentUrl":"https:\/\/gorgesdelardeche-legendes.fr\/wp-content\/uploads\/2025\/07\/Instagram-story-1-441x1024.png"},{"@type":"BreadcrumbList","@id":"https:\/\/gorgesdelardeche-legendes.fr\/calendrier-des-evenements\/#breadcrumb","itemListElement":[{"@type":"ListItem","position":1,"name":"Home","item":"https:\/\/gorgesdelardeche-legendes.fr\/"},{"@type":"ListItem","position":2,"name":"CALENDRIER DES \u00c9V\u00c8NEMENTS"}]},{"@type":"WebSite","@id":"https:\/\/gorgesdelardeche-legendes.fr\/#website","url":"https:\/\/gorgesdelardeche-legendes.fr\/","name":"gorgesdelardeche-legendes.fr","description":"MAISON DES L\u00c9GENDES DES GORGES DE L&#039;ARD\u00c8CHE","publisher":{"@id":"https:\/\/gorgesdelardeche-legendes.fr\/#organization"},"potentialAction":[{"@type":"SearchAction","target":{"@type":"EntryPoint","urlTemplate":"https:\/\/gorgesdelardeche-legendes.fr\/?s={search_term_string}"},"query-input":{"@type":"PropertyValueSpecification","valueRequired":true,"valueName":"search_term_string"}}],"inLanguage":"en-US"},{"@type":"Organization","@id":"https:\/\/gorgesdelardeche-legendes.fr\/#organization","name":"gorgesdelardeche-legendes.fr","url":"https:\/\/gorgesdelardeche-legendes.fr\/","logo":{"@type":"ImageObject","inLanguage":"en-US","@id":"https:\/\/gorgesdelardeche-legendes.fr\/#\/schema\/logo\/image\/","url":"https:\/\/gorgesdelardeche-legendes.fr\/wp-content\/uploads\/2024\/11\/FOND-NOIR-.png","contentUrl":"https:\/\/gorgesdelardeche-legendes.fr\/wp-content\/uploads\/2024\/11\/FOND-NOIR-.png","width":3174,"height":3627,"caption":"gorgesdelardeche-legendes.fr"},"image":{"@id":"https:\/\/gorgesdelardeche-legendes.fr\/#\/schema\/logo\/image\/"}}]}},"_links":{"self":[{"href":"https:\/\/gorgesdelardeche-legendes.fr\/en\/wp-json\/wp\/v2\/pages\/4702","targetHints":{"allow":["GET"]}}],"collection":[{"href":"https:\/\/gorgesdelardeche-legendes.fr\/en\/wp-json\/wp\/v2\/pages"}],"about":[{"href":"https:\/\/gorgesdelardeche-legendes.fr\/en\/wp-json\/wp\/v2\/types\/page"}],"author":[{"embeddable":true,"href":"https:\/\/gorgesdelardeche-legendes.fr\/en\/wp-json\/wp\/v2\/users\/1"}],"replies":[{"embeddable":true,"href":"https:\/\/gorgesdelardeche-legendes.fr\/en\/wp-json\/wp\/v2\/comments?post=4702"}],"version-history":[{"count":28,"href":"https:\/\/gorgesdelardeche-legendes.fr\/en\/wp-json\/wp\/v2\/pages\/4702\/revisions"}],"predecessor-version":[{"id":4787,"href":"https:\/\/gorgesdelardeche-legendes.fr\/en\/wp-json\/wp\/v2\/pages\/4702\/revisions\/4787"}],"wp:attachment":[{"href":"https:\/\/gorgesdelardeche-legendes.fr\/en\/wp-json\/wp\/v2\/media?parent=4702"}],"curies":[{"name":"wp","href":"https:\/\/api.w.org\/{rel}","templated":true}]}}